{"id":11012,"date":"2022-07-13T10:42:59","date_gmt":"2022-07-13T10:42:59","guid":{"rendered":"https:\/\/blog.transol.pt\/?page_id=11012"},"modified":"2023-06-06T10:32:22","modified_gmt":"2023-06-06T10:32:22","slug":"privacy-policy","status":"publish","type":"page","link":"https:\/\/www.transol.pt\/en\/privacy-policy\/","title":{"rendered":"Privacy Policy"},"content":{"rendered":"<section class=\"main-banner\" style=\"background-image: url(https:\/\/www.transol.pt\/wp-content\/uploads\/2022\/07\/banner-company-1.jpg);\">\n        <div class=\"container\">\n                    <div class=\"main-banner__text-wrapper\">\n            <h1>Privacy Policy<\/h1>\n          <\/div>\n                  <\/div>\n<!--\n        <div class=\"container clean-and-safe padding-0\">\n          <a\n            href=\"https:\/\/portugalcleanandsafe.com\"\n            target=\"_blank\"\n            rel=\"noopener noreferrer\">\n            <div class=\"clean-and-safe__wrapper\"> \n                <img decoding=\"async\" src=\"\" alt=\"\" \/>\n            <\/div>\n          <\/a>\n        <\/div>-->\n<\/section><div class=\"wp-block-columns is-layout-flex wp-container-core-columns-is-layout-9d6595d7 wp-block-columns-is-layout-flex\"><div class=\"wp-block-column container is-layout-flow wp-block-column-is-layout-flow\"><h2 class=\"wp-block-heading\">Comments<\/h2>\n\n<p><\/p>\n\n<h2 class=\"wp-block-heading\">Who We Are<\/h2>\n\n<p><strong class=\"privacy-policy-tutorial\">Texto sugerido: <\/strong>Our website address is: https:\/\/transol.crochet.pt.<\/p>\n\n<p><strong class=\"privacy-policy-tutorial\">Texto sugerido: <\/strong>When visitors leave comments on the site, the data in the comment form, as well as the IP address and the browser user agent, are stored to help with spam detection.<\/p>\n\n<p>An anonymous string created from your email address (also called a hash) can be sent to the Gravatar service to verify that you are using it. The privacy policy for the Gravatar service is available here: https:\/\/automattic.com\/privacy\/. After your comment is approved, your profile picture is visible to the public in the context of your comment.<\/p>\n\n<h2 class=\"wp-block-heading\">Multimedia<\/h2>\n\n<p><strong class=\"privacy-policy-tutorial\">Texto sugerido: <\/strong>When uploading images to the site, you should avoid uploading images with embedded geolocation data (EXIF GPS). Visitors can download and extract geolocation data from images on the site.<\/p>\n\n<h2 class=\"wp-block-heading\">Cookies<\/h2>\n\n<p><strong class=\"privacy-policy-tutorial\">Texto sugerido: <\/strong>If you leave a comment on our site you can choose to have your name, email address and site saved in cookies. This is for your convenience so you don&#8217;t have to fill in your details again when you leave another comment. These cookies will last for one year.<\/p>\n\n<p>If you visit the login page, a temporary cookie will be set to determine whether your browser accepts cookies. This cookie contains no personal data and will be deleted when you close your browser.<\/p>\n\n<p>When you log in, some cookies will be set to save your session information and screen view choices. Login cookies last for one year. If you select &#8220;Remember me&#8221;, your session will persist for two weeks. When you log out, your login cookies will be removed.<\/p>\n\n<p>If you edit or publish an article, an additional cookie will be stored in your browser. This cookie does not include personal data it only indicates the content ID of the article you have just edited. Expires after 1 day.<\/p>\n\n<h2 class=\"wp-block-heading\">Embedded content from other sites<\/h2>\n\n<p><strong class=\"privacy-policy-tutorial\">Texto sugerido: <\/strong>Articles on this site may include embedded content (e.g. videos, images, articles, etc.). Embedded content from other sites behaves just as if you were visiting those sites.<\/p>\n\n<p>This site may collect data about you, use cookies, embed tracking done by third parties, monitor your interactions with it, including logging your interactions with embedded content if you have an account and are logged into that site.<\/p>\n\n<h2 class=\"wp-block-heading\">With whom your data is shared<\/h2>\n\n<p><strong class=\"privacy-policy-tutorial\">Texto sugerido: <\/strong>If you request a password reset, your IP address will be included in the reset email.<\/p>\n\n<h2 class=\"wp-block-heading\">How long is your data retained<\/h2>\n\n<p><strong class=\"privacy-policy-tutorial\">Texto sugerido: <\/strong>Se deixar um coment\u00e1rio, o coment\u00e1rio e os seus metadados s\u00e3o guardados indefinidamente. Isto acontece de modo a ser poss\u00edvel reconhecer e aprovar automaticamente quaisquer coment\u00e1rios seguintes, em vez de os colocar numa fila de modera\u00e7\u00e3o.<\/p>\n\n<h2 class=\"wp-block-heading\">What rights you have over your data<\/h2>\n\n<p>Para utilizadores que se registem no nosso site (se algum), guardamos a informa\u00e7\u00e3o pessoal fornecida no seu perfil de utilizador. All users can view, edit, or delete their personal information at any time (except that they cannot change their username). Site administrators can also view and edit this information.<\/p>\n\n<p><strong class=\"privacy-policy-tutorial\">Texto sugerido: <\/strong>If you have an account on this site, or have left comments, you can request to receive an export file of the personal data stored about you, including any personal data you have indicated. You can also request that the saved data be deleted. This does not include any personal data that is required to be kept for administrative, legal or security purposes.<\/p>\n\n<h2 class=\"wp-block-heading\">Where your data is sent<\/h2>\n\n<p><strong class=\"privacy-policy-tutorial\">Texto sugerido: <\/strong>Visitors&#8217; comments can be checked by an automatic spam detection service.<\/p><\/div><\/div>","protected":false},"excerpt":{"rendered":"<p>Comments Who We Are Texto sugerido: Our website address is: https:\/\/transol.crochet.pt. Texto sugerido: When visitors leave comments on the site, the data in the comment form, as well as the IP address and the browser user agent, are stored to help with spam detection. An anonymous string created from your email address (also called a<\/p>\n","protected":false},"author":1,"featured_media":0,"parent":0,"menu_order":0,"comment_status":"closed","ping_status":"open","template":"","meta":{"inline_featured_image":false,"footnotes":""},"class_list":["post-11012","page","type-page","status-publish","hentry"],"acf":[],"yoast_head":"<!-- This site is optimized with the Yoast SEO plugin v23.8 - https:\/\/yoast.com\/wordpress\/plugins\/seo\/ -->\n<title>Privacy Policy - Transol<\/title>\n<meta name=\"robots\" content=\"index, follow, max-snippet:-1, max-image-preview:large, max-video-preview:-1\" \/>\n<link rel=\"canonical\" href=\"https:\/\/www.transol.pt\/politica-privacidade\/\" \/>\n<meta property=\"og:locale\" content=\"en_US\" \/>\n<meta property=\"og:type\" content=\"article\" \/>\n<meta property=\"og:title\" content=\"Privacy Policy - Transol\" \/>\n<meta property=\"og:description\" content=\"Comments Who We Are Texto sugerido: Our website address is: https:\/\/transol.crochet.pt. Texto sugerido: When visitors leave comments on the site, the data in the comment form, as well as the IP address and the browser user agent, are stored to help with spam detection. An anonymous string created from your email address (also called a\" \/>\n<meta property=\"og:url\" content=\"https:\/\/www.transol.pt\/politica-privacidade\/\" \/>\n<meta property=\"og:site_name\" content=\"Transol\" \/>\n<meta property=\"article:publisher\" content=\"https:\/\/www.facebook.com\/transolalgarve\/?locale=pt_PT\" \/>\n<meta property=\"article:modified_time\" content=\"2023-06-06T10:32:22+00:00\" \/>\n<meta name=\"twitter:card\" content=\"summary_large_image\" \/>\n<meta name=\"twitter:label1\" content=\"Est. reading time\" \/>\n\t<meta name=\"twitter:data1\" content=\"4 minutes\" \/>\n<script type=\"application\/ld+json\" class=\"yoast-schema-graph\">{\"@context\":\"https:\/\/schema.org\",\"@graph\":[{\"@type\":\"WebPage\",\"@id\":\"https:\/\/www.transol.pt\/politica-privacidade\/\",\"url\":\"https:\/\/www.transol.pt\/politica-privacidade\/\",\"name\":\"Privacy Policy - Transol\",\"isPartOf\":{\"@id\":\"https:\/\/www.transol.pt\/#website\"},\"datePublished\":\"2022-07-13T10:42:59+00:00\",\"dateModified\":\"2023-06-06T10:32:22+00:00\",\"breadcrumb\":{\"@id\":\"https:\/\/www.transol.pt\/politica-privacidade\/#breadcrumb\"},\"inLanguage\":\"en-US\",\"potentialAction\":[{\"@type\":\"ReadAction\",\"target\":[\"https:\/\/www.transol.pt\/politica-privacidade\/\"]}]},{\"@type\":\"BreadcrumbList\",\"@id\":\"https:\/\/www.transol.pt\/politica-privacidade\/#breadcrumb\",\"itemListElement\":[{\"@type\":\"ListItem\",\"position\":1,\"name\":\"In\u00edcio\",\"item\":\"https:\/\/www.transol.pt\/en\/\"},{\"@type\":\"ListItem\",\"position\":2,\"name\":\"Privacy Policy\"}]},{\"@type\":\"WebSite\",\"@id\":\"https:\/\/www.transol.pt\/#website\",\"url\":\"https:\/\/www.transol.pt\/\",\"name\":\"Transol\",\"description\":\"Transportes e Turismo\",\"publisher\":{\"@id\":\"https:\/\/www.transol.pt\/#organization\"},\"potentialAction\":[{\"@type\":\"SearchAction\",\"target\":{\"@type\":\"EntryPoint\",\"urlTemplate\":\"https:\/\/www.transol.pt\/?s={search_term_string}\"},\"query-input\":{\"@type\":\"PropertyValueSpecification\",\"valueRequired\":true,\"valueName\":\"search_term_string\"}}],\"inLanguage\":\"en-US\"},{\"@type\":\"Organization\",\"@id\":\"https:\/\/www.transol.pt\/#organization\",\"name\":\"Transol\",\"url\":\"https:\/\/www.transol.pt\/\",\"logo\":{\"@type\":\"ImageObject\",\"inLanguage\":\"en-US\",\"@id\":\"https:\/\/www.transol.pt\/#\/schema\/logo\/image\/\",\"url\":\"https:\/\/www.transol.pt\/wp-content\/uploads\/2022\/07\/logo-color.svg\",\"contentUrl\":\"https:\/\/www.transol.pt\/wp-content\/uploads\/2022\/07\/logo-color.svg\",\"width\":120,\"height\":50,\"caption\":\"Transol\"},\"image\":{\"@id\":\"https:\/\/www.transol.pt\/#\/schema\/logo\/image\/\"},\"sameAs\":[\"https:\/\/www.facebook.com\/transolalgarve\/?locale=pt_PT\"]}]}<\/script>\n<!-- \/ Yoast SEO plugin. -->","yoast_head_json":{"title":"Privacy Policy - Transol","robots":{"index":"index","follow":"follow","max-snippet":"max-snippet:-1","max-image-preview":"max-image-preview:large","max-video-preview":"max-video-preview:-1"},"canonical":"https:\/\/www.transol.pt\/politica-privacidade\/","og_locale":"en_US","og_type":"article","og_title":"Privacy Policy - Transol","og_description":"Comments Who We Are Texto sugerido: Our website address is: https:\/\/transol.crochet.pt. Texto sugerido: When visitors leave comments on the site, the data in the comment form, as well as the IP address and the browser user agent, are stored to help with spam detection. An anonymous string created from your email address (also called a","og_url":"https:\/\/www.transol.pt\/politica-privacidade\/","og_site_name":"Transol","article_publisher":"https:\/\/www.facebook.com\/transolalgarve\/?locale=pt_PT","article_modified_time":"2023-06-06T10:32:22+00:00","twitter_card":"summary_large_image","twitter_misc":{"Est. reading time":"4 minutes"},"schema":{"@context":"https:\/\/schema.org","@graph":[{"@type":"WebPage","@id":"https:\/\/www.transol.pt\/politica-privacidade\/","url":"https:\/\/www.transol.pt\/politica-privacidade\/","name":"Privacy Policy - Transol","isPartOf":{"@id":"https:\/\/www.transol.pt\/#website"},"datePublished":"2022-07-13T10:42:59+00:00","dateModified":"2023-06-06T10:32:22+00:00","breadcrumb":{"@id":"https:\/\/www.transol.pt\/politica-privacidade\/#breadcrumb"},"inLanguage":"en-US","potentialAction":[{"@type":"ReadAction","target":["https:\/\/www.transol.pt\/politica-privacidade\/"]}]},{"@type":"BreadcrumbList","@id":"https:\/\/www.transol.pt\/politica-privacidade\/#breadcrumb","itemListElement":[{"@type":"ListItem","position":1,"name":"In\u00edcio","item":"https:\/\/www.transol.pt\/en\/"},{"@type":"ListItem","position":2,"name":"Privacy Policy"}]},{"@type":"WebSite","@id":"https:\/\/www.transol.pt\/#website","url":"https:\/\/www.transol.pt\/","name":"Transol","description":"Transportes e Turismo","publisher":{"@id":"https:\/\/www.transol.pt\/#organization"},"potentialAction":[{"@type":"SearchAction","target":{"@type":"EntryPoint","urlTemplate":"https:\/\/www.transol.pt\/?s={search_term_string}"},"query-input":{"@type":"PropertyValueSpecification","valueRequired":true,"valueName":"search_term_string"}}],"inLanguage":"en-US"},{"@type":"Organization","@id":"https:\/\/www.transol.pt\/#organization","name":"Transol","url":"https:\/\/www.transol.pt\/","logo":{"@type":"ImageObject","inLanguage":"en-US","@id":"https:\/\/www.transol.pt\/#\/schema\/logo\/image\/","url":"https:\/\/www.transol.pt\/wp-content\/uploads\/2022\/07\/logo-color.svg","contentUrl":"https:\/\/www.transol.pt\/wp-content\/uploads\/2022\/07\/logo-color.svg","width":120,"height":50,"caption":"Transol"},"image":{"@id":"https:\/\/www.transol.pt\/#\/schema\/logo\/image\/"},"sameAs":["https:\/\/www.facebook.com\/transolalgarve\/?locale=pt_PT"]}]}},"jetpack_sharing_enabled":true,"_links":{"self":[{"href":"https:\/\/www.transol.pt\/en\/wp-json\/wp\/v2\/pages\/11012","targetHints":{"allow":["GET"]}}],"collection":[{"href":"https:\/\/www.transol.pt\/en\/wp-json\/wp\/v2\/pages"}],"about":[{"href":"https:\/\/www.transol.pt\/en\/wp-json\/wp\/v2\/types\/page"}],"author":[{"embeddable":true,"href":"https:\/\/www.transol.pt\/en\/wp-json\/wp\/v2\/users\/1"}],"replies":[{"embeddable":true,"href":"https:\/\/www.transol.pt\/en\/wp-json\/wp\/v2\/comments?post=11012"}],"version-history":[{"count":18,"href":"https:\/\/www.transol.pt\/en\/wp-json\/wp\/v2\/pages\/11012\/revisions"}],"predecessor-version":[{"id":11436,"href":"https:\/\/www.transol.pt\/en\/wp-json\/wp\/v2\/pages\/11012\/revisions\/11436"}],"wp:attachment":[{"href":"https:\/\/www.transol.pt\/en\/wp-json\/wp\/v2\/media?parent=11012"}],"curies":[{"name":"wp","href":"https:\/\/api.w.org\/{rel}","templated":true}]}}